{"id":671,"date":"2024-06-05T09:31:29","date_gmt":"2024-06-05T07:31:29","guid":{"rendered":"https:\/\/www.italcil.com\/contatti\/"},"modified":"2024-07-09T14:51:59","modified_gmt":"2024-07-09T12:51:59","slug":"contatti","status":"publish","type":"page","link":"https:\/\/www.italcil.it\/fr\/contatti\/","title":{"rendered":"Contacts"},"content":{"rendered":"<p>[et_pb_section fb_built=\u00a0\u00bb1&Prime; _builder_version=\u00a0\u00bb4.25.1&Prime; _module_preset=\u00a0\u00bbdefault\u00a0\u00bb background_color=\u00a0\u00bbgcid-5f80aa3e-795e-4e40-99e9-79f83fbb1c86&Prime; locked=\u00a0\u00bboff\u00a0\u00bb global_colors_info=\u00a0\u00bb{%22gcid-5f80aa3e-795e-4e40-99e9-79f83fbb1c86%22:%91%22background_color%22%93}\u00a0\u00bb][et_pb_row _builder_version=\u00a0\u00bb4.25.1&Prime; _module_preset=\u00a0\u00bbdefault\u00a0\u00bb width=\u00a0\u00bb90%\u00a0\u00bb max_width=\u00a0\u00bb1440px\u00a0\u00bb global_colors_info=\u00a0\u00bb{}\u00a0\u00bb][et_pb_column type=\u00a0\u00bb4_4&Prime; _builder_version=\u00a0\u00bb4.25.1&Prime; _module_preset=\u00a0\u00bbdefault\u00a0\u00bb global_colors_info=\u00a0\u00bb{}\u00a0\u00bb][et_pb_text _builder_version=\u00a0\u00bb4.25.1&Prime; _dynamic_attributes=\u00a0\u00bbcontent\u00a0\u00bb _module_preset=\u00a0\u00bbdefault\u00a0\u00bb text_font=\u00a0\u00bb|700|on|on|||||\u00a0\u00bb text_text_color=\u00a0\u00bb#FFFFFF\u00a0\u00bb text_font_size=\u00a0\u00bb54px\u00a0\u00bb text_font_size_tablet=\u00a0\u00bb54px\u00a0\u00bb text_font_size_phone=\u00a0\u00bb32px\u00a0\u00bb text_font_size_last_edited=\u00a0\u00bbon|phone\u00a0\u00bb global_colors_info=\u00a0\u00bb{}\u00a0\u00bb]@ET-DC@eyJkeW5hbWljIjp0cnVlLCJjb250ZW50IjoicG9zdF90aXRsZSIsInNldHRpbmdzIjp7ImJlZm9yZSI6IiIsImFmdGVyIjoiIn19@[\/et_pb_text][\/et_pb_column][\/et_pb_row][\/et_pb_section][et_pb_section fb_built=\u00a0\u00bb1&Prime; _builder_version=\u00a0\u00bb4.25.1&Prime; _module_preset=\u00a0\u00bbdefault\u00a0\u00bb global_colors_info=\u00a0\u00bb{}\u00a0\u00bb][et_pb_row column_structure=\u00a0\u00bb2_3,1_3&Prime; _builder_version=\u00a0\u00bb4.25.1&Prime; _module_preset=\u00a0\u00bbdefault\u00a0\u00bb width=\u00a0\u00bb90%\u00a0\u00bb max_width=\u00a0\u00bb1440px\u00a0\u00bb global_colors_info=\u00a0\u00bb{}\u00a0\u00bb][et_pb_column type=\u00a0\u00bb2_3&Prime; _builder_version=\u00a0\u00bb4.25.1&Prime; _module_preset=\u00a0\u00bbdefault\u00a0\u00bb global_colors_info=\u00a0\u00bb{}\u00a0\u00bb][dvppl_cf7_styler button_alignment=\u00a0\u00bbcenter\u00a0\u00bb cf7=\u00a0\u00bb12&Prime; form_background_color=\u00a0\u00bb#FFFFFF\u00a0\u00bb _builder_version=\u00a0\u00bb4.25.1&Prime; _module_preset=\u00a0\u00bbdefault\u00a0\u00bb custom_submit_button=\u00a0\u00bbon\u00a0\u00bb submit_button_text_color=\u00a0\u00bb#FFFFFF\u00a0\u00bb submit_button_bg_color=\u00a0\u00bbgcid-5f80aa3e-795e-4e40-99e9-79f83fbb1c86&Prime; submit_button_border_color=\u00a0\u00bbgcid-5f80aa3e-795e-4e40-99e9-79f83fbb1c86&Prime; submit_button_border_radius=\u00a0\u00bb39px\u00a0\u00bb submit_button_custom_padding=\u00a0\u00bb9px|34px|9px|34px|true|true\u00a0\u00bb border_radii_field=\u00a0\u00bbon|1px|1px|1px|1px\u00a0\u00bb border_color_all_field=\u00a0\u00bbgcid-5f80aa3e-795e-4e40-99e9-79f83fbb1c86&Prime; global_colors_info=\u00a0\u00bb{%22gcid-5f80aa3e-795e-4e40-99e9-79f83fbb1c86%22:%91%22submit_button_bg_color%22,%22submit_button_border_color%22,%22border_color_all_field%22%93}\u00a0\u00bb][\/dvppl_cf7_styler][\/et_pb_column][et_pb_column type=\u00a0\u00bb1_3&Prime; _builder_version=\u00a0\u00bb4.25.1&Prime; _module_preset=\u00a0\u00bbdefault\u00a0\u00bb global_colors_info=\u00a0\u00bb{}\u00a0\u00bb][et_pb_blurb title=\u00a0\u00bbadresse\u00a0\u00bb use_icon=\u00a0\u00bbon\u00a0\u00bb font_icon=\u00a0\u00bb&#xf3c5;||fa||900&Prime; image_icon_width=\u00a0\u00bb30px\u00a0\u00bb icon_alignment=\u00a0\u00bbleft\u00a0\u00bb _builder_version=\u00a0\u00bb4.25.1&Prime; _module_preset=\u00a0\u00bbdefault\u00a0\u00bb header_font=\u00a0\u00bb|600|on|on|||||\u00a0\u00bb header_font_size=\u00a0\u00bb21px\u00a0\u00bb body_text_color=\u00a0\u00bbgcid-782c61ea-8a3d-4bfa-8fac-e078e6b88989&Prime; body_font_size=\u00a0\u00bb16px\u00a0\u00bb custom_padding=\u00a0\u00bb25px|25px|25px|25px|true|true\u00a0\u00bb link_option_url=\u00a0\u00bbhttps:\/\/maps.app.goo.gl\/jbEHpKC6prAJkEqP6&Prime; link_option_url_new_window=\u00a0\u00bbon\u00a0\u00bb border_radii=\u00a0\u00bbon|1px|1px|1px|1px\u00a0\u00bb border_width_all=\u00a0\u00bb2px\u00a0\u00bb border_color_all=\u00a0\u00bbgcid-5f80aa3e-795e-4e40-99e9-79f83fbb1c86&Prime; global_colors_info=\u00a0\u00bb{%22gcid-782c61ea-8a3d-4bfa-8fac-e078e6b88989%22:%91%22body_text_color%22%93,%22gcid-5f80aa3e-795e-4e40-99e9-79f83fbb1c86%22:%91%22border_color_all%22%93}\u00a0\u00bb]<\/p>\n<p><span class=\"contact-street\">Via Cavour, 28<br \/><\/span><span class=\"contact-suburb\">15040 Pomaro Monferrato&nbsp;<\/span><span class=\"contact-state\">(AL)<\/span><\/p>\n<p>[\/et_pb_blurb][et_pb_blurb title=\u00a0\u00bbT\u00e9l\u00e9phone\u00a0\u00bb use_icon=\u00a0\u00bbon\u00a0\u00bb font_icon=\u00a0\u00bb&#xf232;||fa||400&Prime; icon_color=\u00a0\u00bb#FFFFFF\u00a0\u00bb image_icon_width=\u00a0\u00bb30px\u00a0\u00bb icon_alignment=\u00a0\u00bbleft\u00a0\u00bb _builder_version=\u00a0\u00bb4.25.2&Prime; _module_preset=\u00a0\u00bbdefault\u00a0\u00bb header_font=\u00a0\u00bb|600|on|on|||||\u00a0\u00bb header_text_color=\u00a0\u00bb#FFFFFF\u00a0\u00bb header_font_size=\u00a0\u00bb21px\u00a0\u00bb body_text_color=\u00a0\u00bb#FFFFFF\u00a0\u00bb body_font_size=\u00a0\u00bb16px\u00a0\u00bb background_color=\u00a0\u00bbgcid-5f80aa3e-795e-4e40-99e9-79f83fbb1c86&Prime; custom_padding=\u00a0\u00bb25px|25px|25px|25px|true|true\u00a0\u00bb link_option_url=\u00a0\u00bbtel:+390521785732&Prime; hover_enabled=\u00a0\u00bb0&Prime; border_radii=\u00a0\u00bbon|1px|1px|1px|1px\u00a0\u00bb border_width_all=\u00a0\u00bb2px\u00a0\u00bb border_color_all=\u00a0\u00bbgcid-5f80aa3e-795e-4e40-99e9-79f83fbb1c86&Prime; global_colors_info=\u00a0\u00bb{%22gcid-5f80aa3e-795e-4e40-99e9-79f83fbb1c86%22:%91%22border_color_all%22,%22background_color%22%93}\u00a0\u00bb sticky_enabled=\u00a0\u00bb0&Prime;]<\/p>\n<p>+39 0521 785732<\/p>\n<p>[\/et_pb_blurb][et_pb_blurb title=\u00a0\u00bbEmail\u00a0\u00bb use_icon=\u00a0\u00bbon\u00a0\u00bb font_icon=\u00a0\u00bb&#xe076;||divi||400&Prime; icon_color=\u00a0\u00bb#FFFFFF\u00a0\u00bb image_icon_width=\u00a0\u00bb30px\u00a0\u00bb icon_alignment=\u00a0\u00bbleft\u00a0\u00bb _builder_version=\u00a0\u00bb4.25.1&Prime; _module_preset=\u00a0\u00bbdefault\u00a0\u00bb header_font=\u00a0\u00bb|600|on|on|||||\u00a0\u00bb header_text_color=\u00a0\u00bb#FFFFFF\u00a0\u00bb header_font_size=\u00a0\u00bb21px\u00a0\u00bb body_text_color=\u00a0\u00bb#FFFFFF\u00a0\u00bb body_font_size=\u00a0\u00bb16px\u00a0\u00bb background_color=\u00a0\u00bbgcid-5f80aa3e-795e-4e40-99e9-79f83fbb1c86&Prime; custom_padding=\u00a0\u00bb25px|25px|25px|25px|true|true\u00a0\u00bb link_option_url=\u00a0\u00bbmailto:info@italcil.it\u00a0\u00bb border_radii=\u00a0\u00bbon|1px|1px|1px|1px\u00a0\u00bb border_width_all=\u00a0\u00bb2px\u00a0\u00bb border_color_all=\u00a0\u00bbgcid-5f80aa3e-795e-4e40-99e9-79f83fbb1c86&Prime; global_colors_info=\u00a0\u00bb{%22gcid-5f80aa3e-795e-4e40-99e9-79f83fbb1c86%22:%91%22border_color_all%22,%22background_color%22%93}\u00a0\u00bb]info@italcil.it[\/et_pb_blurb][\/et_pb_column][\/et_pb_row][\/et_pb_section][et_pb_section fb_built=\u00a0\u00bb1&Prime; _builder_version=\u00a0\u00bb4.25.1&Prime; _module_preset=\u00a0\u00bbdefault\u00a0\u00bb custom_padding=\u00a0\u00bb0px||0px||true|false\u00a0\u00bb global_colors_info=\u00a0\u00bb{}\u00a0\u00bb][et_pb_row _builder_version=\u00a0\u00bb4.25.1&Prime; _module_preset=\u00a0\u00bbdefault\u00a0\u00bb width=\u00a0\u00bb100%\u00a0\u00bb max_width=\u00a0\u00bb100%\u00a0\u00bb custom_padding=\u00a0\u00bb0px||0px||true|false\u00a0\u00bb global_colors_info=\u00a0\u00bb{}\u00a0\u00bb][et_pb_column type=\u00a0\u00bb4_4&Prime; _builder_version=\u00a0\u00bb4.25.1&Prime; _module_preset=\u00a0\u00bbdefault\u00a0\u00bb global_colors_info=\u00a0\u00bb{}\u00a0\u00bb][et_pb_code _builder_version=\u00a0\u00bb4.25.1&Prime; _module_preset=\u00a0\u00bbdefault\u00a0\u00bb custom_margin=\u00a0\u00bb||-10px||false|false\u00a0\u00bb custom_padding=\u00a0\u00bb0px||0px||true|false\u00a0\u00bb global_colors_info=\u00a0\u00bb{}\u00a0\u00bb]<iframe src=\"https:\/\/www.google.com\/maps\/embed?pb=!1m18!1m12!1m3!1d2818.1844141701945!2d8.599719!3d45.061769999999996!2m3!1f0!2f0!3f0!3m2!1i1024!2i768!4f13.1!3m3!1m2!1s0x478709e0ac5fd7d5%3A0xbce02825f19ac626!2sItalcil%20Srl!5e0!3m2!1sen!2s!4v1717580113672!5m2!1sen!2s\" width=\"100%\" height=\"450\" style=\"border:0;\" allowfullscreen=\"\" loading=\"lazy\" referrerpolicy=\"no-referrer-when-downgrade\"><\/iframe>[\/et_pb_code][\/et_pb_column][\/et_pb_row][\/et_pb_section]<\/p>\n","protected":false},"excerpt":{"rendered":"<p><div class=\"et_pb_with_border et_pb_module dvppl_cf7_styler dvppl_cf7_styler_0\">\n\t\t\t\t\n\t\t\t\t\n\t\t\t\t\n\t\t\t\t\n\t\t\t\t\n\t\t\t\t\n\t\t\t\t<div class=\"et_pb_module_inner\">\n\t\t\t\t\t<div class=\"dipe-cf7-container dipe-cf7-button-center\">\n\t\t\t\t\n\t\t\t\t<div class=\"dipe-cf7 dipe-cf7-styler \">\n\t\t\t\t\t\n<div class=\"wpcf7 no-js\" id=\"wpcf7-f764-o1\" lang=\"fr-FR\" dir=\"ltr\">\n<div class=\"screen-reader-response\"><p role=\"status\" aria-live=\"polite\" aria-atomic=\"true\"><\/p> <ul><\/ul><\/div>\n<form action=\"\/fr\/wp-json\/wp\/v2\/pages\/671#wpcf7-f764-o1\" method=\"post\" class=\"wpcf7-form init\" aria-label=\"Formulaire de contact\" novalidate=\"novalidate\" data-status=\"init\">\n<div style=\"display: none;\">\n<input type=\"hidden\" name=\"_wpcf7\" value=\"764\" \/>\n<input type=\"hidden\" name=\"_wpcf7_version\" value=\"5.9.6\" \/>\n<input type=\"hidden\" name=\"_wpcf7_locale\" value=\"fr_FR\" \/>\n<input type=\"hidden\" name=\"_wpcf7_unit_tag\" value=\"wpcf7-f764-o1\" \/>\n<input type=\"hidden\" name=\"_wpcf7_container_post\" value=\"0\" \/>\n<input type=\"hidden\" name=\"_wpcf7_posted_data_hash\" value=\"\" \/>\n<input type=\"hidden\" name=\"_wpcf7_recaptcha_response\" value=\"\" \/>\n<\/div>\n<div class=\"riga-flex\">\n\t<p><span class=\"wpcf7-form-control-wrap\" data-name=\"your-name\"><input size=\"40\" maxlength=\"80\" class=\"wpcf7-form-control wpcf7-text wpcf7-validates-as-required\" aria-required=\"true\" aria-invalid=\"false\" placeholder=\"Pr\u00e9nom*\" value=\"\" type=\"text\" name=\"your-name\" \/><\/span>\n\t<\/p>\n\t<p><span class=\"wpcf7-form-control-wrap\" data-name=\"your-surname\"><input size=\"40\" maxlength=\"80\" class=\"wpcf7-form-control wpcf7-text wpcf7-validates-as-required\" aria-required=\"true\" aria-invalid=\"false\" placeholder=\"Nom*\" value=\"\" type=\"text\" name=\"your-surname\" \/><\/span>\n\t<\/p>\n<\/div>\n<div class=\"riga-flex\">\n\t<p><span class=\"wpcf7-form-control-wrap\" data-name=\"your-phone\"><input size=\"40\" maxlength=\"80\" class=\"wpcf7-form-control wpcf7-tel wpcf7-validates-as-required wpcf7-text wpcf7-validates-as-tel\" aria-required=\"true\" aria-invalid=\"false\" placeholder=\"T\u00e9l\u00e9phone*\" value=\"\" type=\"tel\" name=\"your-phone\" \/><\/span>\n\t<\/p>\n\t<p><span class=\"wpcf7-form-control-wrap\" data-name=\"your-email\"><input size=\"40\" maxlength=\"80\" class=\"wpcf7-form-control wpcf7-email wpcf7-validates-as-required wpcf7-text wpcf7-validates-as-email\" aria-required=\"true\" aria-invalid=\"false\" placeholder=\"E-mail*\" value=\"\" type=\"email\" name=\"your-email\" \/><\/span>\n\t<\/p>\n<\/div>\n<p><span class=\"wpcf7-form-control-wrap\" data-name=\"your-message\"><textarea cols=\"40\" rows=\"10\" maxlength=\"400\" class=\"wpcf7-form-control wpcf7-textarea\" aria-invalid=\"false\" placeholder=\"Message\" name=\"your-message\"><\/textarea><\/span>\n<\/p>\n<div class=\"privacy\">\n\t<p>La soussign\u00e9e fournit, ci-dessous, les informations relatives \u00e0 l'utilisation des donn\u00e9es personnelles que vous avez fournies en remplissant ce formulaire, conform\u00e9ment \u00e0 ce qui est \u00e9nonc\u00e9 dans le R\u00e8glement UE 2016\/679, concernant la protection des personnes physiques quant au traitement des donn\u00e9es personnelles, ainsi que la libre circulation de ces donn\u00e9es (\u00e9galement connu comme GPDR). Les donn\u00e9es vous concernant, que vous nous avez fournies spontan\u00e9ment en remplissant les formulaires informatiques, sont collect\u00e9es exclusivement pour vous permettre de contacter l\u2019entreprise et, le cas \u00e9ch\u00e9ant, d'ex\u00e9cuter le contrat conclu avec vous. La fourniture, de votre part, des donn\u00e9es en question est obligatoire ; votre refus \u00e9ventuel ne nous permettra pas de vous fournir le produit\/service que vous avez demand\u00e9 (vous exposant ainsi \u00e0 une responsabilit\u00e9 pour rupture de contrat) et, dans tous les cas, traiter votre demande. Au sein de notre structure, seul le personnel charg\u00e9 d\u2019effectuer les op\u00e9rations de traitement des donn\u00e9es aura connaissance de celles-ci et toujours aux fins susmentionn\u00e9es. Nous vous rappelons \u00e9galement que, en adressant une demande sp\u00e9cifique au responsable du traitement, vous pourrez exercer tous les droits pr\u00e9vus aux articles 15 \u00e0 22 de ce R\u00e8glement UE pr\u00e9cit\u00e9, qui vous permettent, en particulier, de demander l'acc\u00e8s aux donn\u00e9es personnelles et d'en extraire une copie (art. 15 GPDR), la rectification (art. 16 GPDR) et la suppression de celles-ci (art. 17 GPDR), la restriction du traitement qui vous concerne (art. 18 GPDR), la portabilit\u00e9 des donn\u00e9es (art. 20 GPDR), lorsque les conditions sont remplies) et de vous opposer au traitement qui vous concerne (art. 21 et 22 GPDR, pour les cas qui y sont mentionn\u00e9s et, notamment, au traitement \u00e0 des fins de marketing ou qui aboutit \u00e0 un processus d\u00e9cisionnel automatis\u00e9, y compris le profilage, qui produit des effets juridiques qui vous affectent, lorsque les conditions sont remplies). Nous vous rappelons \u00e9galement votre droit, si le traitement est bas\u00e9 sur le consentement, de r\u00e9voquer ce consentement \u00e0 tout moment, sans pr\u00e9judice de la lic\u00e9it\u00e9 du traitement bas\u00e9e sur le consentement donn\u00e9 avant la r\u00e9vocation ; pour ce faire, vous pouvez vous d\u00e9sinscrire \u00e0 tout moment en contactant le responsable du traitement aux adresses publi\u00e9es sur le site. Nous vous informons \u00e9galement du droit de pr\u00e9senter une r\u00e9clamation \u00e0 l'Autorit\u00e9 Garante pour la protection des donn\u00e9es personnelles, en tant qu'autorit\u00e9 de contr\u00f4le op\u00e9rant en Italie, sous r\u00e9serve de tout autre recours administratif ou juridictionnel.\n\t<\/p>\n<\/div>\n<p><span class=\"wpcf7-form-control-wrap\" data-name=\"checkbox-899\"><span class=\"wpcf7-form-control wpcf7-checkbox wpcf7-validates-as-required\"><span class=\"wpcf7-list-item first last\"><input type=\"checkbox\" name=\"checkbox-899[]\" value=\"* J&#039;ai lu et accept\u00e9 les conditions de confidentialit\u00e9\" \/><span class=\"wpcf7-list-item-label\">* J&#039;ai lu et accept\u00e9 les conditions de confidentialit\u00e9<\/span><\/span><\/span><\/span>\n<\/p>\n<p><input class=\"wpcf7-form-control wpcf7-submit has-spinner\" type=\"submit\" value=\"Soumettre\" \/>\n<\/p><div class=\"wpcf7-response-output\" aria-hidden=\"true\"><\/div>\n<\/form>\n<\/div>\n\n\t\t\t\t<\/div>\n\t\t\t<\/div>\n\t\t\t\t<\/div>\n\t\t\t<\/div>Via Cavour, 2815040 Pomaro Monferrato&nbsp;(AL)+39 0521 785732info@italcil.it<\/p>\n","protected":false},"author":1,"featured_media":0,"parent":0,"menu_order":0,"comment_status":"closed","ping_status":"closed","template":"","meta":{"_et_pb_use_builder":"on","_et_pb_old_content":"","_et_gb_content_width":"","ngg_post_thumbnail":0,"_joinchat":[],"footnotes":""},"_links":{"self":[{"href":"https:\/\/www.italcil.it\/fr\/wp-json\/wp\/v2\/pages\/671"}],"collection":[{"href":"https:\/\/www.italcil.it\/fr\/wp-json\/wp\/v2\/pages"}],"about":[{"href":"https:\/\/www.italcil.it\/fr\/wp-json\/wp\/v2\/types\/page"}],"author":[{"embeddable":true,"href":"https:\/\/www.italcil.it\/fr\/wp-json\/wp\/v2\/users\/1"}],"replies":[{"embeddable":true,"href":"https:\/\/www.italcil.it\/fr\/wp-json\/wp\/v2\/comments?post=671"}],"version-history":[{"count":4,"href":"https:\/\/www.italcil.it\/fr\/wp-json\/wp\/v2\/pages\/671\/revisions"}],"predecessor-version":[{"id":1141,"href":"https:\/\/www.italcil.it\/fr\/wp-json\/wp\/v2\/pages\/671\/revisions\/1141"}],"wp:attachment":[{"href":"https:\/\/www.italcil.it\/fr\/wp-json\/wp\/v2\/media?parent=671"}],"curies":[{"name":"wp","href":"https:\/\/api.w.org\/{rel}","templated":true}]}}