{"id":672,"date":"2024-06-05T09:31:29","date_gmt":"2024-06-05T07:31:29","guid":{"rendered":"https:\/\/www.italcil.com\/contatti\/"},"modified":"2024-07-09T14:52:45","modified_gmt":"2024-07-09T12:52:45","slug":"contatti","status":"publish","type":"page","link":"https:\/\/www.italcil.it\/es\/contatti\/","title":{"rendered":"Contactos"},"content":{"rendered":"<p>[et_pb_section fb_built=\u00bb1&#8243; _builder_version=\u00bb4.25.1&#8243; _module_preset=\u00bbdefault\u00bb background_color=\u00bbgcid-5f80aa3e-795e-4e40-99e9-79f83fbb1c86&#8243; locked=\u00bboff\u00bb global_colors_info=\u00bb{%22gcid-5f80aa3e-795e-4e40-99e9-79f83fbb1c86%22:%91%22background_color%22%93}\u00bb][et_pb_row _builder_version=\u00bb4.25.1&#8243; _module_preset=\u00bbdefault\u00bb width=\u00bb90%\u00bb max_width=\u00bb1440px\u00bb global_colors_info=\u00bb{}\u00bb][et_pb_column type=\u00bb4_4&#8243; _builder_version=\u00bb4.25.1&#8243; _module_preset=\u00bbdefault\u00bb global_colors_info=\u00bb{}\u00bb][et_pb_text _builder_version=\u00bb4.25.1&#8243; _dynamic_attributes=\u00bbcontent\u00bb _module_preset=\u00bbdefault\u00bb text_font=\u00bb|700|on|on|||||\u00bb text_text_color=\u00bb#FFFFFF\u00bb text_font_size=\u00bb54px\u00bb text_font_size_tablet=\u00bb54px\u00bb text_font_size_phone=\u00bb32px\u00bb text_font_size_last_edited=\u00bbon|phone\u00bb global_colors_info=\u00bb{}\u00bb]@ET-DC@eyJkeW5hbWljIjp0cnVlLCJjb250ZW50IjoicG9zdF90aXRsZSIsInNldHRpbmdzIjp7ImJlZm9yZSI6IiIsImFmdGVyIjoiIn19@[\/et_pb_text][\/et_pb_column][\/et_pb_row][\/et_pb_section][et_pb_section fb_built=\u00bb1&#8243; _builder_version=\u00bb4.25.1&#8243; _module_preset=\u00bbdefault\u00bb global_colors_info=\u00bb{}\u00bb][et_pb_row column_structure=\u00bb2_3,1_3&#8243; _builder_version=\u00bb4.25.1&#8243; _module_preset=\u00bbdefault\u00bb width=\u00bb90%\u00bb max_width=\u00bb1440px\u00bb global_colors_info=\u00bb{}\u00bb][et_pb_column type=\u00bb2_3&#8243; _builder_version=\u00bb4.25.1&#8243; _module_preset=\u00bbdefault\u00bb global_colors_info=\u00bb{}\u00bb][dvppl_cf7_styler button_alignment=\u00bbcenter\u00bb cf7=\u00bb12&#8243; form_background_color=\u00bb#FFFFFF\u00bb _builder_version=\u00bb4.25.1&#8243; _module_preset=\u00bbdefault\u00bb custom_submit_button=\u00bbon\u00bb submit_button_text_color=\u00bb#FFFFFF\u00bb submit_button_bg_color=\u00bbgcid-5f80aa3e-795e-4e40-99e9-79f83fbb1c86&#8243; submit_button_border_color=\u00bbgcid-5f80aa3e-795e-4e40-99e9-79f83fbb1c86&#8243; submit_button_border_radius=\u00bb39px\u00bb submit_button_custom_padding=\u00bb9px|34px|9px|34px|true|true\u00bb border_radii_field=\u00bbon|1px|1px|1px|1px\u00bb border_color_all_field=\u00bbgcid-5f80aa3e-795e-4e40-99e9-79f83fbb1c86&#8243; global_colors_info=\u00bb{%22gcid-5f80aa3e-795e-4e40-99e9-79f83fbb1c86%22:%91%22submit_button_bg_color%22,%22submit_button_border_color%22,%22border_color_all_field%22%93}\u00bb][\/dvppl_cf7_styler][\/et_pb_column][et_pb_column type=\u00bb1_3&#8243; _builder_version=\u00bb4.25.1&#8243; _module_preset=\u00bbdefault\u00bb global_colors_info=\u00bb{}\u00bb][et_pb_blurb title=\u00bbDIRECCI\u00d3N\u00bb use_icon=\u00bbon\u00bb font_icon=\u00bb&#xf3c5;||fa||900&#8243; image_icon_width=\u00bb30px\u00bb icon_alignment=\u00bbleft\u00bb _builder_version=\u00bb4.25.1&#8243; _module_preset=\u00bbdefault\u00bb header_font=\u00bb|600|on|on|||||\u00bb header_font_size=\u00bb21px\u00bb body_text_color=\u00bbgcid-782c61ea-8a3d-4bfa-8fac-e078e6b88989&#8243; body_font_size=\u00bb16px\u00bb custom_padding=\u00bb25px|25px|25px|25px|true|true\u00bb link_option_url=\u00bbhttps:\/\/maps.app.goo.gl\/jbEHpKC6prAJkEqP6&#8243; link_option_url_new_window=\u00bbon\u00bb border_radii=\u00bbon|1px|1px|1px|1px\u00bb border_width_all=\u00bb2px\u00bb border_color_all=\u00bbgcid-5f80aa3e-795e-4e40-99e9-79f83fbb1c86&#8243; global_colors_info=\u00bb{%22gcid-782c61ea-8a3d-4bfa-8fac-e078e6b88989%22:%91%22body_text_color%22%93,%22gcid-5f80aa3e-795e-4e40-99e9-79f83fbb1c86%22:%91%22border_color_all%22%93}\u00bb]<\/p>\n<p><span class=\"contact-street\">Via Cavour, 28<br \/><\/span><span class=\"contact-suburb\">15040 Pomaro Monferrato&nbsp;<\/span><span class=\"contact-state\">(AL)<\/span><\/p>\n<p>[\/et_pb_blurb][et_pb_blurb title=\u00bbTel\u00e9fono\u00bb use_icon=\u00bbon\u00bb font_icon=\u00bb&#xf232;||fa||400&#8243; icon_color=\u00bb#FFFFFF\u00bb image_icon_width=\u00bb30px\u00bb icon_alignment=\u00bbleft\u00bb _builder_version=\u00bb4.25.2&#8243; _module_preset=\u00bbdefault\u00bb header_font=\u00bb|600|on|on|||||\u00bb header_text_color=\u00bb#FFFFFF\u00bb header_font_size=\u00bb21px\u00bb body_text_color=\u00bb#FFFFFF\u00bb body_font_size=\u00bb16px\u00bb background_color=\u00bbgcid-5f80aa3e-795e-4e40-99e9-79f83fbb1c86&#8243; custom_padding=\u00bb25px|25px|25px|25px|true|true\u00bb link_option_url=\u00bbtel:+390521785732&#8243; hover_enabled=\u00bb0&#8243; border_radii=\u00bbon|1px|1px|1px|1px\u00bb border_width_all=\u00bb2px\u00bb border_color_all=\u00bbgcid-5f80aa3e-795e-4e40-99e9-79f83fbb1c86&#8243; global_colors_info=\u00bb{%22gcid-5f80aa3e-795e-4e40-99e9-79f83fbb1c86%22:%91%22border_color_all%22,%22background_color%22%93}\u00bb sticky_enabled=\u00bb0&#8243;]<\/p>\n<p>+39 0521 785732<\/p>\n<p>[\/et_pb_blurb][et_pb_blurb title=\u00bbEmail\u00bb use_icon=\u00bbon\u00bb font_icon=\u00bb&#xe076;||divi||400&#8243; icon_color=\u00bb#FFFFFF\u00bb image_icon_width=\u00bb30px\u00bb icon_alignment=\u00bbleft\u00bb _builder_version=\u00bb4.25.1&#8243; _module_preset=\u00bbdefault\u00bb header_font=\u00bb|600|on|on|||||\u00bb header_text_color=\u00bb#FFFFFF\u00bb header_font_size=\u00bb21px\u00bb body_text_color=\u00bb#FFFFFF\u00bb body_font_size=\u00bb16px\u00bb background_color=\u00bbgcid-5f80aa3e-795e-4e40-99e9-79f83fbb1c86&#8243; custom_padding=\u00bb25px|25px|25px|25px|true|true\u00bb link_option_url=\u00bbmailto:info@italcil.it\u00bb border_radii=\u00bbon|1px|1px|1px|1px\u00bb border_width_all=\u00bb2px\u00bb border_color_all=\u00bbgcid-5f80aa3e-795e-4e40-99e9-79f83fbb1c86&#8243; global_colors_info=\u00bb{%22gcid-5f80aa3e-795e-4e40-99e9-79f83fbb1c86%22:%91%22border_color_all%22,%22background_color%22%93}\u00bb]info@italcil.it[\/et_pb_blurb][\/et_pb_column][\/et_pb_row][\/et_pb_section][et_pb_section fb_built=\u00bb1&#8243; _builder_version=\u00bb4.25.1&#8243; _module_preset=\u00bbdefault\u00bb custom_padding=\u00bb0px||0px||true|false\u00bb global_colors_info=\u00bb{}\u00bb][et_pb_row _builder_version=\u00bb4.25.1&#8243; _module_preset=\u00bbdefault\u00bb width=\u00bb100%\u00bb max_width=\u00bb100%\u00bb custom_padding=\u00bb0px||0px||true|false\u00bb global_colors_info=\u00bb{}\u00bb][et_pb_column type=\u00bb4_4&#8243; _builder_version=\u00bb4.25.1&#8243; _module_preset=\u00bbdefault\u00bb global_colors_info=\u00bb{}\u00bb][et_pb_code _builder_version=\u00bb4.25.1&#8243; _module_preset=\u00bbdefault\u00bb custom_margin=\u00bb||-10px||false|false\u00bb custom_padding=\u00bb0px||0px||true|false\u00bb global_colors_info=\u00bb{}\u00bb]<iframe src=\"https:\/\/www.google.com\/maps\/embed?pb=!1m18!1m12!1m3!1d2818.1844141701945!2d8.599719!3d45.061769999999996!2m3!1f0!2f0!3f0!3m2!1i1024!2i768!4f13.1!3m3!1m2!1s0x478709e0ac5fd7d5%3A0xbce02825f19ac626!2sItalcil%20Srl!5e0!3m2!1sen!2s!4v1717580113672!5m2!1sen!2s\" width=\"100%\" height=\"450\" style=\"border:0;\" allowfullscreen=\"\" loading=\"lazy\" referrerpolicy=\"no-referrer-when-downgrade\"><\/iframe>[\/et_pb_code][\/et_pb_column][\/et_pb_row][\/et_pb_section]<\/p>\n","protected":false},"excerpt":{"rendered":"<p><div class=\"et_pb_with_border et_pb_module dvppl_cf7_styler dvppl_cf7_styler_0\">\n\t\t\t\t\n\t\t\t\t\n\t\t\t\t\n\t\t\t\t\n\t\t\t\t\n\t\t\t\t\n\t\t\t\t<div class=\"et_pb_module_inner\">\n\t\t\t\t\t<div class=\"dipe-cf7-container dipe-cf7-button-center\">\n\t\t\t\t\n\t\t\t\t<div class=\"dipe-cf7 dipe-cf7-styler \">\n\t\t\t\t\t\n<div class=\"wpcf7 no-js\" id=\"wpcf7-f765-o1\" lang=\"es-ES\" dir=\"ltr\">\n<div class=\"screen-reader-response\"><p role=\"status\" aria-live=\"polite\" aria-atomic=\"true\"><\/p> <ul><\/ul><\/div>\n<form action=\"\/es\/wp-json\/wp\/v2\/pages\/672#wpcf7-f765-o1\" method=\"post\" class=\"wpcf7-form init\" aria-label=\"Formulario de contacto\" novalidate=\"novalidate\" data-status=\"init\">\n<div style=\"display: none;\">\n<input type=\"hidden\" name=\"_wpcf7\" value=\"765\" \/>\n<input type=\"hidden\" name=\"_wpcf7_version\" value=\"5.9.6\" \/>\n<input type=\"hidden\" name=\"_wpcf7_locale\" value=\"es_ES\" \/>\n<input type=\"hidden\" name=\"_wpcf7_unit_tag\" value=\"wpcf7-f765-o1\" \/>\n<input type=\"hidden\" name=\"_wpcf7_container_post\" value=\"0\" \/>\n<input type=\"hidden\" name=\"_wpcf7_posted_data_hash\" value=\"\" \/>\n<input type=\"hidden\" name=\"_wpcf7_recaptcha_response\" value=\"\" \/>\n<\/div>\n<div class=\"riga-flex\">\n\t<p><span class=\"wpcf7-form-control-wrap\" data-name=\"your-name\"><input size=\"40\" maxlength=\"80\" class=\"wpcf7-form-control wpcf7-text wpcf7-validates-as-required\" aria-required=\"true\" aria-invalid=\"false\" placeholder=\"Nombre de pila*\" value=\"\" type=\"text\" name=\"your-name\" \/><\/span>\n\t<\/p>\n\t<p><span class=\"wpcf7-form-control-wrap\" data-name=\"your-surname\"><input size=\"40\" maxlength=\"80\" class=\"wpcf7-form-control wpcf7-text wpcf7-validates-as-required\" aria-required=\"true\" aria-invalid=\"false\" placeholder=\"Apellido*\" value=\"\" type=\"text\" name=\"your-surname\" \/><\/span>\n\t<\/p>\n<\/div>\n<div class=\"riga-flex\">\n\t<p><span class=\"wpcf7-form-control-wrap\" data-name=\"your-phone\"><input size=\"40\" maxlength=\"80\" class=\"wpcf7-form-control wpcf7-tel wpcf7-validates-as-required wpcf7-text wpcf7-validates-as-tel\" aria-required=\"true\" aria-invalid=\"false\" placeholder=\"Tel\u00e9fono*\" value=\"\" type=\"tel\" name=\"your-phone\" \/><\/span>\n\t<\/p>\n\t<p><span class=\"wpcf7-form-control-wrap\" data-name=\"your-email\"><input size=\"40\" maxlength=\"80\" class=\"wpcf7-form-control wpcf7-email wpcf7-validates-as-required wpcf7-text wpcf7-validates-as-email\" aria-required=\"true\" aria-invalid=\"false\" placeholder=\"E-mail*\" value=\"\" type=\"email\" name=\"your-email\" \/><\/span>\n\t<\/p>\n<\/div>\n<p><span class=\"wpcf7-form-control-wrap\" data-name=\"your-message\"><textarea cols=\"40\" rows=\"10\" maxlength=\"400\" class=\"wpcf7-form-control wpcf7-textarea\" aria-invalid=\"false\" placeholder=\"Messaggio\" name=\"your-message\"><\/textarea><\/span>\n<\/p>\n<div class=\"privacy\">\n\t<p>La empresa abajo firmante proporciona, a continuaci\u00f3n, la informaci\u00f3n concerniente al uso de los datos personales facilitados por Usted a trav\u00e9s de la cumplimentaci\u00f3n de este formulario, en cumplimiento de las normas referidas en el Reglamento UE 2016\/679, correspondiente a la protecci\u00f3n de las personas f\u00edsicas en relaci\u00f3n con el tratamiento de los datos personales, as\u00ed como a la libre circulaci\u00f3n de dichos datos (conocido tambi\u00e9n como GDPR). Los datos concernientes a Su persona facilitados espont\u00e1neamente por Usted rellenando los m\u00f3dulos inform\u00e1ticos, son recogidos exclusivamente para autorizar el contacto con la empresa y, de ser necesario, activar el contrato cerrado con Usted. La comunicaci\u00f3n, por su parte, de los datos en cuesti\u00f3n es obligatoria; si rechaza dar estos datos, no podremos ofrecerle el producto\/servicio que nos ha solicitado (quedando expuesto, potencialmente, a responsabilidad por incumplimiento contractual) y, de cualquier forma, tramitar su solicitud. En el seno de nuestra estructura solo podr\u00e1 venir en conocimiento de los datos el personal encargado de efectuar las operaciones de tratamiento de dichos datos, y siempre para las finalidades citadas. Adem\u00e1s, le recordamos que, realizando una solicitud oportuna al titular del tratamiento, podr\u00e1 ejercer todos los derechos previstos por los art\u00edculos del 15 al 22 del Reglamento UE, que le permiten, en particular, la facultad de solicitar el acceso a los datos personales y obtener una copia (art. 15 GDPR), la rectificaci\u00f3n (art. 16 GDPR) y la anulaci\u00f3n de los mismos (art. 17 GDPR), la limitaci\u00f3n del tratamiento que le concierna (art. 18 GDPR), la portabilidad de los datos (art. 20 GDPR, de cumplirse las condiciones) y de oponerse al tratamiento que le concierna (art. 21 y 22 GDPR), para los casos aqu\u00ed mencionados y, en particular, al tratamiento para finalidades de marketing o que se traduzca en un proceso de toma de decisiones automatizado, incluida la elaboraci\u00f3n de perfiles, que produzca efectos jur\u00eddicos que le conciernan, de cumplirse las condiciones). Le recordamos, asimismo, su derecho, cuando el tratamiento est\u00e9 basado en el consentimiento, a revocar dicho consentimiento en cualquier momento, sin perjudicar la licitud del tratamiento basada en el consentimiento prestado antes de la revocaci\u00f3n; para ello, puede desinscribirse en cualquier momento poni\u00e9ndose en contacto con el titular del tratamiento a las direcciones publicadas en el sitio web. Le informamos, asimismo, del derecho a proponer una reclamaci\u00f3n a la Autoridad Garante para la Protecci\u00f3n de los Datos personales, como autoridad de control que act\u00faa en Italia, y a proponer un recurso judicial, tanto contra una decisi\u00f3n de la Autoridad Garante, como con respecto al titular del tratamiento y\/o a un responsable del tratamiento.\n\t<\/p>\n<\/div>\n<p><span class=\"wpcf7-form-control-wrap\" data-name=\"checkbox-899\"><span class=\"wpcf7-form-control wpcf7-checkbox wpcf7-validates-as-required\"><span class=\"wpcf7-list-item first last\"><input type=\"checkbox\" name=\"checkbox-899[]\" value=\"*  He le\u00eddo y acepto las condiciones de privacidad\" \/><span class=\"wpcf7-list-item-label\">*  He le\u00eddo y acepto las condiciones de privacidad<\/span><\/span><\/span><\/span>\n<\/p>\n<p><input class=\"wpcf7-form-control wpcf7-submit has-spinner\" type=\"submit\" value=\"Enviar\" \/>\n<\/p><div class=\"wpcf7-response-output\" aria-hidden=\"true\"><\/div>\n<\/form>\n<\/div>\n\n\t\t\t\t<\/div>\n\t\t\t<\/div>\n\t\t\t\t<\/div>\n\t\t\t<\/div>Via Cavour, 2815040 Pomaro Monferrato&nbsp;(AL)+39 0521 785732info@italcil.it<\/p>\n","protected":false},"author":1,"featured_media":0,"parent":0,"menu_order":0,"comment_status":"closed","ping_status":"closed","template":"","meta":{"_et_pb_use_builder":"on","_et_pb_old_content":"","_et_gb_content_width":"","ngg_post_thumbnail":0,"_joinchat":[],"footnotes":""},"_links":{"self":[{"href":"https:\/\/www.italcil.it\/es\/wp-json\/wp\/v2\/pages\/672"}],"collection":[{"href":"https:\/\/www.italcil.it\/es\/wp-json\/wp\/v2\/pages"}],"about":[{"href":"https:\/\/www.italcil.it\/es\/wp-json\/wp\/v2\/types\/page"}],"author":[{"embeddable":true,"href":"https:\/\/www.italcil.it\/es\/wp-json\/wp\/v2\/users\/1"}],"replies":[{"embeddable":true,"href":"https:\/\/www.italcil.it\/es\/wp-json\/wp\/v2\/comments?post=672"}],"version-history":[{"count":4,"href":"https:\/\/www.italcil.it\/es\/wp-json\/wp\/v2\/pages\/672\/revisions"}],"predecessor-version":[{"id":1142,"href":"https:\/\/www.italcil.it\/es\/wp-json\/wp\/v2\/pages\/672\/revisions\/1142"}],"wp:attachment":[{"href":"https:\/\/www.italcil.it\/es\/wp-json\/wp\/v2\/media?parent=672"}],"curies":[{"name":"wp","href":"https:\/\/api.w.org\/{rel}","templated":true}]}}